{"id":868,"date":"2024-03-28T13:32:06","date_gmt":"2024-03-28T12:32:06","guid":{"rendered":"https:\/\/setalmaa.com\/annuaire\/?page_id=868"},"modified":"2024-04-30T13:44:15","modified_gmt":"2024-04-30T11:44:15","slug":"mon-compte-client","status":"publish","type":"page","link":"https:\/\/setalmaa.com\/annuaire\/mon-compte-client\/","title":{"rendered":"Espace Membre"},"content":{"rendered":"\n<div style=\"height:48px\" aria-hidden=\"true\" class=\"wp-block-spacer\"><\/div>\n\n\n\n<div class=\"wp-block-columns are-vertically-aligned-top is-layout-flex wp-container-core-columns-layout-1 wp-block-columns-is-layout-flex\">\n<div class=\"wp-block-column is-vertically-aligned-top is-layout-flow wp-block-column-is-layout-flow\">\n<h6 class=\"wp-block-heading has-text-align-center\" style=\"color:#66519d\";><strong>Je suis d\u00e9j\u00e0 membre sur l&rsquo;Annuaire<\/strong><\/h6>\n\n\n\n<div style=\"height:31px\" aria-hidden=\"true\" class=\"wp-block-spacer\"><\/div>\n\n\n\n<p style=\"font-size:14px; line-height:1.3em; color:red;\">* Connectez-vous pour acc\u00e9der \u00e0 votre tableau de bord.<\/p>\n\n\n\n<div class=\"wp-block-buttons is-content-justification-center is-layout-flex wp-container-core-buttons-layout-1 wp-block-buttons-is-layout-flex\">\n<div class=\"wp-block-button\"><a class=\"wp-block-button__link wp-element-button\" href=\"https:\/\/setalmaa.com\/annuaire\/connexion\">S&rsquo;identifier<\/a><\/div>\n<\/div>\n<\/div>\n\n\n\n<div class=\"wp-block-column is-vertically-aligned-top is-layout-flow wp-block-column-is-layout-flow\">\n<h6 style=\"color:#66519d\" class=\"wp-block-heading has-text-align-center\"><strong>Je n&rsquo;ai pas encore de compte sur l&rsquo;Annuaire<\/strong><\/h6>\n\n\n\n<div style=\"height:30px\" aria-hidden=\"true\" class=\"wp-block-spacer\"><\/div>\n\n\n\t<div class='user-registration ur-frontend-form  ' id='user-registration-form-863'>\n\t\t\t\t\t<form method='post' class='register' data-form-id=\"863\"\n\t\t\t\tdata-enable-strength-password=\"1\" data-minimum-password-strength=\"2\"\n\t\t\t\t\t\t\t\t\t\t\t\t\t\t\t data-captcha-enabled=\"\">\n\n\t\t\t\t\t\t\t\t\t\t\t<div class='ur-form-row'>\n\t\t\t\t\t\t\t\t\t\t\t\t\t\t\t\t\t\t<div class=\"ur-form-grid ur-grid-1\"\n\t\t\t\t\t\t\t\t\t\t\t\tstyle=\"width:99%\">\n\t\t\t\t\t\t\t\t\t\t\t\t\t\t\t\t\t\t\t\t\t\t\t\t\t\t<div  data-field-id=\"user_login\" class=\"ur-field-item field-user_login \">\n\t\t\t\t\t\t\t\t\t\t\t\t\t\t<div class=\"form-row validate-required\" id=\"user_login_field\" data-priority=\"\" ><label for=\"user_login\" class=\"ur-label\">Identifiant <abbr class=\"required\" title=\"required\">*<\/abbr><\/label> <span class=\"input-wrapper\"> <input data-rules=\"\" data-id=\"user_login\" type=\"text\" class=\"input-text   input-text ur-frontend-field  \" name=\"user_login\" id=\"user_login\" placeholder=\"Identifiant\"  value=\"\" required=\"required\" data-label=\"Identifiant\" data-username-character=\"1\"\/> <\/span> <\/div>\t\t\t\t\t\t\t\t\t\t\t\t\t\t\t\t<\/div>\n\t\t\t\t\t\t\t\t\t\t\t\t\t\t\t\t\t\t\t\t\t\t\t\t\t\t\t\t\t\t<div  data-field-id=\"user_email\" class=\"ur-field-item field-user_email \">\n\t\t\t\t\t\t\t\t\t\t\t\t\t\t<div class=\"form-row validate-required\" id=\"user_email_field\" data-priority=\"\" ><label for=\"user_email\" class=\"ur-label\">Adresse e-mail <abbr class=\"required\" title=\"required\">*<\/abbr><\/label> <span class=\"input-wrapper\"> <input data-rules=\"\" data-id=\"user_email\" type=\"email\" class=\"input-text   input-email ur-frontend-field  \" name=\"user_email\" id=\"user_email\" placeholder=\"Adresse e-mail\"  value=\"\" required=\"required\" data-label=\"Adresse e-mail\" \/> <\/span> <\/div>\t\t\t\t\t\t\t\t\t\t\t\t\t\t\t\t<\/div>\n\t\t\t\t\t\t\t\t\t\t\t\t\t\t\t\t\t\t\t\t\t\t\t\t\t\t\t\t\t\t<div  data-field-id=\"user_pass\" class=\"ur-field-item field-user_pass \">\n\t\t\t\t\t\t\t\t\t\t\t\t\t\t<div class=\"form-row validate-required hide_show_password\" id=\"user_pass_field\" data-priority=\"\"><label for=\"user_pass\" class=\"ur-label\">Mot de passe <abbr class=\"required\" title=\"required\">*<\/abbr><\/label> <span class=\"input-wrapper\"> <span class=\"password-input-group input-form-field-icons\"><input data-rules=\"\" data-id=\"user_pass\" type=\"password\" class=\"input-text  input-password ur-frontend-field  \" name=\"user_pass\" id=\"user_pass\" placeholder=\"Mot de passe\"  value=\"\" required=\"required\" data-label=\"Mot de passe\" \/><\/span> <\/span> <\/div>\t\t\t\t\t\t\t\t\t\t\t\t\t\t\t\t<\/div>\n\t\t\t\t\t\t\t\t\t\t\t\t\t\t\t\t\t\t\t\t\t\t\t\t\t\t\t\t\t\t<div  data-field-id=\"user_confirm_password\" class=\"ur-field-item field-user_confirm_password \">\n\t\t\t\t\t\t\t\t\t\t\t\t\t\t<div class=\"form-row validate-required hide_show_password\" id=\"user_confirm_password_field\" data-priority=\"\"><label for=\"user_confirm_password\" class=\"ur-label\">Confirmer Mot de passe <abbr class=\"required\" title=\"required\">*<\/abbr><\/label> <span class=\"input-wrapper\"> <span class=\"password-input-group input-form-field-icons\"><input data-rules=\"\" data-id=\"user_confirm_password\" type=\"password\" class=\"input-text  input-password ur-frontend-field  \" name=\"user_confirm_password\" id=\"user_confirm_password\" placeholder=\"Confirmer Mot de passe\"  value=\"\" required=\"required\" data-label=\"Confirmer Mot de passe\" \/><\/span> <\/span> <\/div>\t\t\t\t\t\t\t\t\t\t\t\t\t\t\t\t<\/div>\n\t\t\t\t\t\t\t\t\t\t\t\t\t\t\t\t\t\t\t\t\t\t\t\t\t<\/div>\n\t\t\t\t\t\t\t\t\t\t\t\t\t\t\t\t\t<\/div>\n\t\t\t\t\t\t\t\t\t\t\t\t\t\t\t\t\t<div class=\"ur-button-container \" >\n\t\t\t\t\t\t\t\t\t\t\t\t\t\t<button type=\"submit\" class=\"btn button ur-submit-button \" conditional_rules=\"&quot;&quot;\">\n\t\t\t\t\t\t\t\t<span><\/span>\n\t\t\t\t\t\t\t\tSubmit\t\t\t\t\t\t\t<\/button>\n\t\t\t\t\t\t\t\t\t\t\t\t\t\t\t\t\t\t\t\t<\/div>\n\t\t\t\t\t\t\n\t\t\t\t<div style=\"clear:both\"><\/div>\n\t\t\t\t\t\t\t\t<input type=\"hidden\" name=\"ur-user-form-id\" value=\"863\"\/>\n\t\t\t\t<input type=\"hidden\" name=\"ur-redirect-url\" value=\"https:\/\/setalmaa.com\/annuaire\/mon-dashboard\/\"\/>\n\t\t\t\t<input type=\"hidden\" id=\"ur_frontend_form_nonce\" name=\"ur_frontend_form_nonce\" value=\"bb9114f340\" \/>\n\t\t\t\t\t\t\t<\/form>\n\t\t\t\n\t\t<div style=\"clear:both\"><\/div>\n\t<\/div>\n\n<\/div>\n<\/div>\n\n\n\n<div class=\"wp-block-columns is-layout-flex wp-container-core-columns-layout-2 wp-block-columns-is-layout-flex\">\n<div class=\"wp-block-column is-layout-flow wp-block-column-is-layout-flow\">\n<p style=\"font-size:12px; line-height:1.3em; text-align:justify;\">Les donn\u00e9es communiqu\u00e9es via ce formulaire sont collect\u00e9es avec votre consentement et sont destin\u00e9es \u00e0 SETALMAA en sa qualit\u00e9 de responsable du traitement. Les donn\u00e9es de ce formulaire sont collect\u00e9es \u00e0 des fins de gestion de la relation client, de sollicitations commerciales et de respect de la r\u00e9glementation applicable \u00e0 SETALMAA. Les donn\u00e9es de votre compte client sont conserv\u00e9es jusqu\u2019\u00e0 la suppression de votre compte client, puis durant trente-six (36) mois. Certaines donn\u00e9es trait\u00e9es \u00e0 des fins de gestion (exemple : facture) peuvent \u00eatre conserv\u00e9es plus longtemps conform\u00e9ment \u00e0 la r\u00e9glementation applicable. Vous disposez de la facult\u00e9 d\u2019introduire une r\u00e9clamation aupr\u00e8s de l\u2019autorit\u00e9 de contr\u00f4le comp\u00e9tente ainsi qu\u2019un droit d&rsquo;acc\u00e8s, de rectification, d\u2019effacement, de limitation, de portabilit\u00e9 et d\u2019opposition pour motif l\u00e9gitime aux donn\u00e9es personnelles vous concernant. Pour exercer ce droit, merci d&rsquo;envoyer votre demande par mail <a style=\"color:#6c4fa1;\" href=\"contact@setalmaa.com\"><strong>contact@setalmaa.com<\/strong><\/a><\/p>\n<\/div>\n<\/div>\n\n\n\n<div style=\"height:48px\" aria-hidden=\"true\" class=\"wp-block-spacer\"><\/div>\n","protected":false},"excerpt":{"rendered":"<p>Je suis d\u00e9j\u00e0 membre sur l&rsquo;Annuaire * Connectez-vous pour acc\u00e9der \u00e0 votre tableau de bord. Je n&rsquo;ai pas encore de compte sur l&rsquo;Annuaire Les donn\u00e9es communiqu\u00e9es via ce formulaire sont collect\u00e9es avec votre consentement et sont destin\u00e9es \u00e0 SETALMAA en sa qualit\u00e9 de responsable du traitement. Les donn\u00e9es de ce formulaire sont collect\u00e9es \u00e0 des [&hellip;]<\/p>\n","protected":false},"author":1,"featured_media":0,"parent":0,"menu_order":0,"comment_status":"closed","ping_status":"closed","template":"","meta":{"footnotes":""},"better_featured_image":null,"yoast_head":"<!-- This site is optimized with the Yoast SEO plugin v22.0 - https:\/\/yoast.com\/wordpress\/plugins\/seo\/ -->\n<title>Espace Membre - Setalmaa, l&#039;Annuaire<\/title>\n<meta name=\"robots\" content=\"index, follow, max-snippet:-1, max-image-preview:large, max-video-preview:-1\" \/>\n<link rel=\"canonical\" href=\"https:\/\/setalmaa.com\/annuaire\/mon-compte-client\/\" \/>\n<meta property=\"og:locale\" content=\"fr_FR\" \/>\n<meta property=\"og:type\" content=\"article\" \/>\n<meta property=\"og:title\" content=\"Espace Membre - Setalmaa, l&#039;Annuaire\" \/>\n<meta property=\"og:description\" content=\"Je suis d\u00e9j\u00e0 membre sur l&rsquo;Annuaire * Connectez-vous pour acc\u00e9der \u00e0 votre tableau de bord. Je n&rsquo;ai pas encore de compte sur l&rsquo;Annuaire Les donn\u00e9es communiqu\u00e9es via ce formulaire sont collect\u00e9es avec votre consentement et sont destin\u00e9es \u00e0 SETALMAA en sa qualit\u00e9 de responsable du traitement. Les donn\u00e9es de ce formulaire sont collect\u00e9es \u00e0 des [&hellip;]\" \/>\n<meta property=\"og:url\" content=\"https:\/\/setalmaa.com\/annuaire\/mon-compte-client\/\" \/>\n<meta property=\"og:site_name\" content=\"Setalmaa, l&#039;Annuaire\" \/>\n<meta property=\"article:modified_time\" content=\"2024-04-30T11:44:15+00:00\" \/>\n<meta name=\"twitter:card\" content=\"summary_large_image\" \/>\n<meta name=\"twitter:label1\" content=\"Dur\u00e9e de lecture estim\u00e9e\" \/>\n\t<meta name=\"twitter:data1\" content=\"1 minute\" \/>\n<script type=\"application\/ld+json\" class=\"yoast-schema-graph\">{\"@context\":\"https:\/\/schema.org\",\"@graph\":[{\"@type\":\"WebPage\",\"@id\":\"https:\/\/setalmaa.com\/annuaire\/mon-compte-client\/\",\"url\":\"https:\/\/setalmaa.com\/annuaire\/mon-compte-client\/\",\"name\":\"Espace Membre - Setalmaa, l&#039;Annuaire\",\"isPartOf\":{\"@id\":\"https:\/\/setalmaa.com\/annuaire\/#website\"},\"datePublished\":\"2024-03-28T12:32:06+00:00\",\"dateModified\":\"2024-04-30T11:44:15+00:00\",\"breadcrumb\":{\"@id\":\"https:\/\/setalmaa.com\/annuaire\/mon-compte-client\/#breadcrumb\"},\"inLanguage\":\"fr-FR\",\"potentialAction\":[{\"@type\":\"ReadAction\",\"target\":[\"https:\/\/setalmaa.com\/annuaire\/mon-compte-client\/\"]}]},{\"@type\":\"BreadcrumbList\",\"@id\":\"https:\/\/setalmaa.com\/annuaire\/mon-compte-client\/#breadcrumb\",\"itemListElement\":[{\"@type\":\"ListItem\",\"position\":1,\"name\":\"Accueil\",\"item\":\"https:\/\/setalmaa.com\/annuaire\/\"},{\"@type\":\"ListItem\",\"position\":2,\"name\":\"Espace Membre\"}]},{\"@type\":\"WebSite\",\"@id\":\"https:\/\/setalmaa.com\/annuaire\/#website\",\"url\":\"https:\/\/setalmaa.com\/annuaire\/\",\"name\":\"Setalmaa, l&#039;Annuaire\",\"description\":\"Trouve les boutiques, marques et professionnels qu&#039;il te faut en un clic\",\"publisher\":{\"@id\":\"https:\/\/setalmaa.com\/annuaire\/#organization\"},\"potentialAction\":[{\"@type\":\"SearchAction\",\"target\":{\"@type\":\"EntryPoint\",\"urlTemplate\":\"https:\/\/setalmaa.com\/annuaire\/?s={search_term_string}\"},\"query-input\":\"required name=search_term_string\"}],\"inLanguage\":\"fr-FR\"},{\"@type\":\"Organization\",\"@id\":\"https:\/\/setalmaa.com\/annuaire\/#organization\",\"name\":\"Setalmaa\",\"url\":\"https:\/\/setalmaa.com\/annuaire\/\",\"logo\":{\"@type\":\"ImageObject\",\"inLanguage\":\"fr-FR\",\"@id\":\"https:\/\/setalmaa.com\/annuaire\/#\/schema\/logo\/image\/\",\"url\":\"http:\/\/localhost\/annuaire\/wp-content\/uploads\/2019\/06\/logo-setalmaa.png\",\"contentUrl\":\"http:\/\/localhost\/annuaire\/wp-content\/uploads\/2019\/06\/logo-setalmaa.png\",\"width\":500,\"height\":119,\"caption\":\"Setalmaa\"},\"image\":{\"@id\":\"https:\/\/setalmaa.com\/annuaire\/#\/schema\/logo\/image\/\"}}]}<\/script>\n<!-- \/ Yoast SEO plugin. -->","yoast_head_json":{"title":"Espace Membre - Setalmaa, l&#039;Annuaire","robots":{"index":"index","follow":"follow","max-snippet":"max-snippet:-1","max-image-preview":"max-image-preview:large","max-video-preview":"max-video-preview:-1"},"canonical":"https:\/\/setalmaa.com\/annuaire\/mon-compte-client\/","og_locale":"fr_FR","og_type":"article","og_title":"Espace Membre - Setalmaa, l&#039;Annuaire","og_description":"Je suis d\u00e9j\u00e0 membre sur l&rsquo;Annuaire * Connectez-vous pour acc\u00e9der \u00e0 votre tableau de bord. Je n&rsquo;ai pas encore de compte sur l&rsquo;Annuaire Les donn\u00e9es communiqu\u00e9es via ce formulaire sont collect\u00e9es avec votre consentement et sont destin\u00e9es \u00e0 SETALMAA en sa qualit\u00e9 de responsable du traitement. Les donn\u00e9es de ce formulaire sont collect\u00e9es \u00e0 des [&hellip;]","og_url":"https:\/\/setalmaa.com\/annuaire\/mon-compte-client\/","og_site_name":"Setalmaa, l&#039;Annuaire","article_modified_time":"2024-04-30T11:44:15+00:00","twitter_card":"summary_large_image","twitter_misc":{"Dur\u00e9e de lecture estim\u00e9e":"1 minute"},"schema":{"@context":"https:\/\/schema.org","@graph":[{"@type":"WebPage","@id":"https:\/\/setalmaa.com\/annuaire\/mon-compte-client\/","url":"https:\/\/setalmaa.com\/annuaire\/mon-compte-client\/","name":"Espace Membre - Setalmaa, l&#039;Annuaire","isPartOf":{"@id":"https:\/\/setalmaa.com\/annuaire\/#website"},"datePublished":"2024-03-28T12:32:06+00:00","dateModified":"2024-04-30T11:44:15+00:00","breadcrumb":{"@id":"https:\/\/setalmaa.com\/annuaire\/mon-compte-client\/#breadcrumb"},"inLanguage":"fr-FR","potentialAction":[{"@type":"ReadAction","target":["https:\/\/setalmaa.com\/annuaire\/mon-compte-client\/"]}]},{"@type":"BreadcrumbList","@id":"https:\/\/setalmaa.com\/annuaire\/mon-compte-client\/#breadcrumb","itemListElement":[{"@type":"ListItem","position":1,"name":"Accueil","item":"https:\/\/setalmaa.com\/annuaire\/"},{"@type":"ListItem","position":2,"name":"Espace Membre"}]},{"@type":"WebSite","@id":"https:\/\/setalmaa.com\/annuaire\/#website","url":"https:\/\/setalmaa.com\/annuaire\/","name":"Setalmaa, l&#039;Annuaire","description":"Trouve les boutiques, marques et professionnels qu&#039;il te faut en un clic","publisher":{"@id":"https:\/\/setalmaa.com\/annuaire\/#organization"},"potentialAction":[{"@type":"SearchAction","target":{"@type":"EntryPoint","urlTemplate":"https:\/\/setalmaa.com\/annuaire\/?s={search_term_string}"},"query-input":"required name=search_term_string"}],"inLanguage":"fr-FR"},{"@type":"Organization","@id":"https:\/\/setalmaa.com\/annuaire\/#organization","name":"Setalmaa","url":"https:\/\/setalmaa.com\/annuaire\/","logo":{"@type":"ImageObject","inLanguage":"fr-FR","@id":"https:\/\/setalmaa.com\/annuaire\/#\/schema\/logo\/image\/","url":"http:\/\/localhost\/annuaire\/wp-content\/uploads\/2019\/06\/logo-setalmaa.png","contentUrl":"http:\/\/localhost\/annuaire\/wp-content\/uploads\/2019\/06\/logo-setalmaa.png","width":500,"height":119,"caption":"Setalmaa"},"image":{"@id":"https:\/\/setalmaa.com\/annuaire\/#\/schema\/logo\/image\/"}}]}},"acf":[],"_links":{"self":[{"href":"https:\/\/setalmaa.com\/annuaire\/wp-json\/wp\/v2\/pages\/868"}],"collection":[{"href":"https:\/\/setalmaa.com\/annuaire\/wp-json\/wp\/v2\/pages"}],"about":[{"href":"https:\/\/setalmaa.com\/annuaire\/wp-json\/wp\/v2\/types\/page"}],"author":[{"embeddable":true,"href":"https:\/\/setalmaa.com\/annuaire\/wp-json\/wp\/v2\/users\/1"}],"replies":[{"embeddable":true,"href":"https:\/\/setalmaa.com\/annuaire\/wp-json\/wp\/v2\/comments?post=868"}],"version-history":[{"count":40,"href":"https:\/\/setalmaa.com\/annuaire\/wp-json\/wp\/v2\/pages\/868\/revisions"}],"predecessor-version":[{"id":983,"href":"https:\/\/setalmaa.com\/annuaire\/wp-json\/wp\/v2\/pages\/868\/revisions\/983"}],"wp:attachment":[{"href":"https:\/\/setalmaa.com\/annuaire\/wp-json\/wp\/v2\/media?parent=868"}],"curies":[{"name":"wp","href":"https:\/\/api.w.org\/{rel}","templated":true}]}}